{"id":8,"date":"2025-12-22T14:48:29","date_gmt":"2025-12-22T14:48:29","guid":{"rendered":"https:\/\/oajoudl.cluster051.hosting.ovh.net\/?page_id=8"},"modified":"2026-03-17T17:43:43","modified_gmt":"2026-03-17T17:43:43","slug":"accueil","status":"publish","type":"page","link":"https:\/\/groupeletmar.com\/","title":{"rendered":"Accueil"},"content":{"rendered":"\n<h3 class=\"wp-block-heading\">Groupe Letmar<\/h3>\n\n\n\n<p><span style=\"caret-color: rgb(0, 0, 0); color: rgb(0, 0, 0); font-family: -webkit-standard; font-size: medium; white-space: normal;\">\u2744\ufe0f<\/span>QUAND TOUT LE MONDE DORT, LETMAR SORT !\u2744\ufe0f<\/p>\n\n\n\n<p><strong>D\u00e9neigement &amp; am\u00e9nagement paysager<\/strong><\/p>\n\n\n\n<p>Entreprise locale sp\u00e9cialis\u00e9e en d\u00e9neigement r\u00e9sidentiel, commercial et en am\u00e9nagement paysager.<\/p>\n\n\n\n<p>Service fiable, rapide et professionnel , peut importe les conditions.<\/p>\n\n\n\n<figure class=\"wp-block-image size-full\"><img decoding=\"async\" src=\"https:\/\/groupeletmar.com\/wp-content\/uploads\/2025\/12\/A4686822-2527-47B1-9545-C87F93D7A03Fsegment_video_2.mp4\" alt=\"\" class=\"wp-image-134\"\/><\/figure>\n\n\n\n<hr class=\"wp-block-separator has-alpha-channel-opacity\"\/>\n\n\n\n<h3 class=\"wp-block-heading\">                              \u2744\ufe0f D\u00e9neigement<\/h3>\n\n\n\n<ul class=\"wp-block-list\">\n<li>Entr\u00e9es r\u00e9sidentielles<\/li>\n\n\n\n<li>Condos et immeubles commerciaux<\/li>\n\n\n\n<li>D\u00e9neigement de nuit et t\u00f4t le matin<\/li>\n\n\n\n<li>Services de sel et D\u00e9gla\u00e7age<\/li>\n<\/ul>\n\n\n\n<div data-aos= \"fade-down\" data-aos-duration=\"400\" data-aos-delay=\"0\" data-aos-easing=\"ease\" data-aos-once=\"true\" class=\"wp-block-uagb-image uagb-block-6524f75a wp-block-uagb-image--layout-default wp-block-uagb-image--effect-static wp-block-uagb-image--align-none\"><figure class=\"wp-block-uagb-image__figure\"><img decoding=\"async\" srcset=\"https:\/\/groupeletmar.com\/wp-content\/uploads\/2025\/12\/60f993390566fd2a812d62d41a59a54c-e1766415786753.jpeg ,https:\/\/groupeletmar.com\/wp-content\/uploads\/2025\/12\/60f993390566fd2a812d62d41a59a54c-e1766415786753.jpeg 780w, https:\/\/groupeletmar.com\/wp-content\/uploads\/2025\/12\/60f993390566fd2a812d62d41a59a54c-e1766415786753.jpeg 360w\" sizes=\"auto, (max-width: 480px) 150px\" src=\"https:\/\/groupeletmar.com\/wp-content\/uploads\/2025\/12\/60f993390566fd2a812d62d41a59a54c-e1766415786753.jpeg\" alt=\"\" class=\"uag-image-13\" width=\"1024\" height=\"633\" title=\"60f993390566fd2a812d62d41a59a54c\" loading=\"lazy\" role=\"img\"\/><\/figure><\/div>\n\n\n\n<hr class=\"wp-block-separator has-alpha-channel-opacity\"\/>\n\n\n\n<h3 class=\"wp-block-heading\">\ud83c\udf3f Am\u00e9nagement paysager<\/h3>\n\n\n\n<ul class=\"wp-block-list\">\n<li>Tonte et entretien de terrain<\/li>\n\n\n\n<li>Excavation et Travaux de paysagement <\/li>\n\n\n\n<li>fertilisation <\/li>\n<\/ul>\n\n\n\n<hr class=\"wp-block-separator has-alpha-channel-opacity\"\/>\n\n\n\n<h3 class=\"wp-block-heading has-cyan-bluish-gray-background-color has-background\">\ud83d\udccd Secteurs desservis<\/h3>\n\n\n\n<p>Nous desservons principalement les secteurs suivants :<\/p>\n\n\n\n<p>Lorraine, Bois-des-Filion, Blainville, Terrebonne ouest  et les environs.<\/p>\n\n\n\n<h3 class=\"wp-block-heading\">\ud83d\udcde Contact<\/h3>\n\n\n\n<p>Pour une soumission rapide et sans engagement, contactez-nous.<\/p>\n\n\n\n<p>\u2709\ufe0f info@groupeletmar.com<\/p>\n\n\n\n<p>\u2709\ufe0f jeffreymartel6@gmail.com<\/p>\n\n\n\n<p>\ud83d\udcde   514-977-0533 Jeffrey Martel<\/p>\n\n\n\n<p>\ud83d\udcde   438-992-2112 Tristan Martel<\/p>\n\n\n\n<div class=\"wp-block-buttons is-layout-flex wp-block-buttons-is-layout-flex\">\n<div class=\"wp-block-button\"><a class=\"wp-block-button__link wp-element-button\">514-977-0533<\/a><\/div>\n<\/div>\n\n\n\n<figure class=\"wp-block-image size-full\"><img decoding=\"async\" src=\"https:\/\/groupeletmar.com\/wp-content\/uploads\/2025\/12\/Groupe-Letmar-Deneigement-2025-1.mov\" alt=\"\" class=\"wp-image-137\"\/><\/figure>\n\n\n\n<div data-aos= \"zoom-in-up\" data-aos-duration=\"400\" data-aos-delay=\"0\" data-aos-easing=\"ease\" data-aos-once=\"true\" class=\"wp-block-uagb-image uagb-block-7bea7ab5 wp-block-uagb-image--layout-default wp-block-uagb-image--effect-static wp-block-uagb-image--align-none\"><figure class=\"wp-block-uagb-image__figure\"><img decoding=\"async\" srcset=\"https:\/\/groupeletmar.com\/wp-content\/uploads\/2025\/12\/TBN08530-683x1024.jpg ,https:\/\/groupeletmar.com\/wp-content\/uploads\/2025\/12\/TBN08530.jpg 780w, https:\/\/groupeletmar.com\/wp-content\/uploads\/2025\/12\/TBN08530.jpg 360w\" sizes=\"auto, (max-width: 480px) 150px\" src=\"https:\/\/groupeletmar.com\/wp-content\/uploads\/2025\/12\/TBN08530-683x1024.jpg\" alt=\"\" class=\"uag-image-28\" width=\"683\" height=\"1024\" title=\"TBN08530\" loading=\"lazy\" role=\"img\"\/><\/figure><\/div>\n","protected":false},"excerpt":{"rendered":"<p>Groupe Letmar \u2744\ufe0fQUAND TOUT LE MONDE DORT, LETMAR SORT !\u2744\ufe0f D\u00e9neigement &amp; am\u00e9nagement paysager Entreprise locale sp\u00e9cialis\u00e9e en d\u00e9neigement r\u00e9sidentiel, [&hellip;]<\/p>\n","protected":false},"author":1,"featured_media":31,"parent":0,"menu_order":0,"comment_status":"closed","ping_status":"closed","template":"","meta":{"_uag_custom_page_level_css":"","site-sidebar-layout":"default","site-content-layout":"","ast-site-content-layout":"default","site-content-style":"default","site-sidebar-style":"default","ast-global-header-display":"","ast-banner-title-visibility":"","ast-main-header-display":"","ast-hfb-above-header-display":"","ast-hfb-below-header-display":"","ast-hfb-mobile-header-display":"","site-post-title":"","ast-breadcrumbs-content":"","ast-featured-img":"","footer-sml-layout":"","ast-disable-related-posts":"","theme-transparent-header-meta":"","adv-header-id-meta":"","stick-header-meta":"","header-above-stick-meta":"","header-main-stick-meta":"","header-below-stick-meta":"","astra-migrate-meta-layouts":"default","ast-page-background-enabled":"default","ast-page-background-meta":{"desktop":{"background-color":"var(--ast-global-color-5)","background-image":"","background-repeat":"repeat","background-position":"center center","background-size":"auto","background-attachment":"scroll","background-type":"","background-media":"","overlay-type":"","overlay-color":"","overlay-opacity":"","overlay-gradient":""},"tablet":{"background-color":"","background-image":"","background-repeat":"repeat","background-position":"center center","background-size":"auto","background-attachment":"scroll","background-type":"","background-media":"","overlay-type":"","overlay-color":"","overlay-opacity":"","overlay-gradient":""},"mobile":{"background-color":"","background-image":"","background-repeat":"repeat","background-position":"center center","background-size":"auto","background-attachment":"scroll","background-type":"","background-media":"","overlay-type":"","overlay-color":"","overlay-opacity":"","overlay-gradient":""}},"ast-content-background-meta":{"desktop":{"background-color":"var(--ast-global-color-4)","background-image":"","background-repeat":"repeat","background-position":"center center","background-size":"auto","background-attachment":"scroll","background-type":"","background-media":"","overlay-type":"","overlay-color":"","overlay-opacity":"","overlay-gradient":""},"tablet":{"background-color":"var(--ast-global-color-4)","background-image":"","background-repeat":"repeat","background-position":"center center","background-size":"auto","background-attachment":"scroll","background-type":"","background-media":"","overlay-type":"","overlay-color":"","overlay-opacity":"","overlay-gradient":""},"mobile":{"background-color":"var(--ast-global-color-4)","background-image":"","background-repeat":"repeat","background-position":"center center","background-size":"auto","background-attachment":"scroll","background-type":"","background-media":"","overlay-type":"","overlay-color":"","overlay-opacity":"","overlay-gradient":""}},"footnotes":""},"class_list":["post-8","page","type-page","status-publish","has-post-thumbnail","hentry"],"uagb_featured_image_src":{"full":["https:\/\/groupeletmar.com\/wp-content\/uploads\/2025\/12\/TBN08633.jpg",1365,2048,false],"thumbnail":["https:\/\/groupeletmar.com\/wp-content\/uploads\/2025\/12\/TBN08633-150x150.jpg",150,150,true],"medium":["https:\/\/groupeletmar.com\/wp-content\/uploads\/2025\/12\/TBN08633-200x300.jpg",200,300,true],"medium_large":["https:\/\/groupeletmar.com\/wp-content\/uploads\/2025\/12\/TBN08633-768x1152.jpg",768,1152,true],"large":["https:\/\/groupeletmar.com\/wp-content\/uploads\/2025\/12\/TBN08633-683x1024.jpg",683,1024,true],"1536x1536":["https:\/\/groupeletmar.com\/wp-content\/uploads\/2025\/12\/TBN08633-1024x1536.jpg",1024,1536,true],"2048x2048":["https:\/\/groupeletmar.com\/wp-content\/uploads\/2025\/12\/TBN08633.jpg",1365,2048,false]},"uagb_author_info":{"display_name":"admin6013","author_link":"https:\/\/groupeletmar.com\/index.php\/author\/admin6013\/"},"uagb_comment_info":0,"uagb_excerpt":"Groupe Letmar \u2744\ufe0fQUAND TOUT LE MONDE DORT, LETMAR SORT !\u2744\ufe0f D\u00e9neigement &amp; am\u00e9nagement paysager Entreprise locale sp\u00e9cialis\u00e9e en d\u00e9neigement r\u00e9sidentiel, [&hellip;]","_links":{"self":[{"href":"https:\/\/groupeletmar.com\/index.php\/wp-json\/wp\/v2\/pages\/8","targetHints":{"allow":["GET"]}}],"collection":[{"href":"https:\/\/groupeletmar.com\/index.php\/wp-json\/wp\/v2\/pages"}],"about":[{"href":"https:\/\/groupeletmar.com\/index.php\/wp-json\/wp\/v2\/types\/page"}],"author":[{"embeddable":true,"href":"https:\/\/groupeletmar.com\/index.php\/wp-json\/wp\/v2\/users\/1"}],"replies":[{"embeddable":true,"href":"https:\/\/groupeletmar.com\/index.php\/wp-json\/wp\/v2\/comments?post=8"}],"version-history":[{"count":17,"href":"https:\/\/groupeletmar.com\/index.php\/wp-json\/wp\/v2\/pages\/8\/revisions"}],"predecessor-version":[{"id":141,"href":"https:\/\/groupeletmar.com\/index.php\/wp-json\/wp\/v2\/pages\/8\/revisions\/141"}],"wp:featuredmedia":[{"embeddable":true,"href":"https:\/\/groupeletmar.com\/index.php\/wp-json\/wp\/v2\/media\/31"}],"wp:attachment":[{"href":"https:\/\/groupeletmar.com\/index.php\/wp-json\/wp\/v2\/media?parent=8"}],"curies":[{"name":"wp","href":"https:\/\/api.w.org\/{rel}","templated":true}]}}